{"id":119,"date":"2022-12-09T11:00:19","date_gmt":"2022-12-09T10:00:19","guid":{"rendered":"http:\/\/silkesteinhauser.de\/?page_id=119"},"modified":"2025-12-11T10:55:42","modified_gmt":"2025-12-11T09:55:42","slug":"impressum","status":"publish","type":"page","link":"https:\/\/silkesteinhauser.de\/en\/impressum\/","title":{"rendered":"Imprint"},"content":{"rendered":"<section id=\"scroll_header\" class=\"bde-section-119-161 bde-section\">\n  \n  \n\t\n\n\n\n<div class=\"section-container\"><div class=\"bde-columns-119-162 bde-columns\"><div class=\"bde-column-119-163 bde-column\">\n  \n  \n\t\n\n\n\n<div class=\"bde-image-119-171 bde-image\">\n<figure class=\"breakdance-image breakdance-image--508\">\n\t<div class=\"breakdance-image-container\">\n\t\t<div class=\"breakdance-image-clip\"><a class=\"breakdance-image-link breakdance-image-link--url\" href=\"#intro\" target=\"_self\" rel=\"noopener\" data-sub-html=\"\" data-lg-size=\"-\"><img loading=\"lazy\" decoding=\"async\" class=\"breakdance-image-object\" src=\"https:\/\/silkesteinhauser.de\/wp-content\/uploads\/2022\/12\/silke_monogramm_rgb_rz.svg\" width=\"53\" height=\"62\" sizes=\"auto, (max-width: 53px) 100vw, 53px\"><\/a><\/div>\n\t<\/div><\/figure>\n\n<\/div>\n<\/div><\/div><div class=\"bde-globalblock-119-167 bde-globalblock\">\n<div class=\"bde-header-builder-248-109-248-1 bde-header-builder bde-header-builder-248-109 bde-header-builder--sticky bde-header-builder--sticky-scroll-slide\">\n\n<div class=\"bde-header-builder__container\"><div class=\"bde-menu-248-101-248-1 bde-menu bde-menu-248-101\">\n\n\n      \n        \n    <nav class=\"breakdance-menu breakdance-menu--collapse\">\n    <button class=\"breakdance-menu-toggle breakdance-menu-toggle--squeeze\" type=\"button\" aria-label=\"Open Menu\" aria-expanded=\"false\" aria-controls=\"menu-101\">\n                  <span class=\"breakdance-menu-toggle-icon\">\n            <span class=\"breakdance-menu-toggle-lines\"><\/span>\n          <\/span>\n            <\/button>\n    \n  <ul class=\"breakdance-menu-list\" id=\"menu-101\">\n              \n  \n    <li class=\"breakdance-menu-item-248-102-248-1 breakdance-menu-item breakdance-menu-item-248-102\">\n        \n            \n            \n\n    \n    \n    \n    \n    \n    <a class=\"breakdance-link breakdance-menu-link\" href=\"#workshops\" target=\"_self\" data-type=\"url\"  >\n  Workshops\n    <\/a>\n\n<\/li><li class=\"breakdance-menu-item-248-104-248-1 breakdance-menu-item breakdance-menu-item-248-104\">\n        \n            \n            \n\n    \n    \n    \n    \n    \n    <a class=\"breakdance-link breakdance-menu-link\" href=\"#coaching\" target=\"_self\" data-type=\"url\"  >\n  Coaching\n    <\/a>\n\n<\/li><li class=\"breakdance-menu-item-248-103-248-1 breakdance-menu-item breakdance-menu-item-248-103\">\n        \n            \n            \n\n    \n    \n    \n    \n    \n    <a class=\"breakdance-link breakdance-menu-link\" href=\"#hr\" target=\"_self\" data-type=\"url\"  >\n  Consulting\n    <\/a>\n\n<\/li><li class=\"breakdance-menu-item-248-105-248-1 breakdance-menu-item breakdance-menu-item-248-105\">\n        \n            \n            \n\n    \n    \n    \n    \n    \n    <a class=\"breakdance-link breakdance-menu-link\" href=\"#profil\" target=\"_self\" data-type=\"url\"  >\n  Profile\n    <\/a>\n\n<\/li><li class=\"breakdance-menu-item-248-106-248-1 breakdance-menu-item breakdance-menu-item-248-106\">\n        \n            \n            \n\n    \n    \n    \n    \n    \n    <a class=\"breakdance-link breakdance-menu-link\" href=\"#prozess\" target=\"_self\" data-type=\"url\"  >\n  Process\n    <\/a>\n\n<\/li><li class=\"breakdance-menu-item-248-107-248-1 breakdance-menu-item breakdance-menu-item-248-107\">\n        \n            \n            \n\n    \n    \n    \n    \n    \n    <a class=\"breakdance-link breakdance-menu-link\" href=\"mailto:info@silkesteinhauser.de\" target=\"_self\" data-type=\"url\"  >\n  Contact us\n    <\/a>\n\n<\/li>\n  <\/ul>\n  <\/nav>\n\n\n<\/div><div class=\"bde-image-248-111-248-1 bde-image bde-image-248-111\">\n<figure class=\"breakdance-image breakdance-image--586\">\n\t<div class=\"breakdance-image-container\">\n\t\t<div class=\"breakdance-image-clip\"><img loading=\"lazy\" decoding=\"async\" class=\"breakdance-image-object\" src=\"https:\/\/silkesteinhauser.de\/wp-content\/uploads\/2022\/12\/silke_steinhauser_monogramm_klein.svg\" width=\"26\" height=\"31\" sizes=\"auto, (max-width: 26px) 100vw, 26px\"><\/div>\n\t<\/div><\/figure>\n\n<\/div><\/div>\n\n\n<\/div>\n<\/div><div class=\"bde-back-to-top-119-170 bde-back-to-top bde-back-to-top--progress is-sticky\">\n\n\n<button aria-label=\"Back to top\" tabindex=\"0\" class=\"bde-back-to-top__button bde-back-to-top__button--progress bde-back-to-top__button--show-always bde-back-to-top__button--animation-fade is-sticky bde-back-to-top__button--autohide js-ee-back-to-top\">\n    \t<svg class=\"bde-back-to-top__progress-svg js-progress-svg\" width=\"100%\" height=\"100%\" viewbox=\"-1 -1 102 102\">\n\t  <path class=\"background\" d=\"M50,1 a49,49 0 0,1 0,98 a49,49 0 0,1 0,-98\"\/>\n      <path class=\"tracker\" d=\"M50,1 a49,49 0 0,1 0,98 a49,49 0 0,1 0,-98\"\/>\n  \t<\/svg>\n         <div class=\"bde-back-to-top__icon-wrap\">\n                <svg xmlns=\"http:\/\/www.w3.org\/2000\/svg\" id=\"a\" width=\"19.87\" height=\"10.51\" viewbox=\"0 0 19.87 10.51\"><g id=\"b\"><polygon points=\"18.56 10.51 9.56 2.7 1.38 10.48 0 9.03 9.5 0 19.87 9 18.56 10.51\"\/><\/g><\/svg>\n          <\/div>\n    <\/button>\n\n\n<\/div><\/div>\n<\/section><section id=\"intro\" class=\"bde-section-119-149 bde-section\">\n  \n  \n\t\n\n\n\n<div class=\"section-container\"><div class=\"bde-columns-119-150 bde-columns\"><div class=\"bde-column-119-151 bde-column\">\n  \n  \n\t\n\n\n\n<a class=\"bde-text-link-119-152 bde-text-link breakdance-link\" href=\"http:\/\/silkesteinhauser.de\/en\/#workshops\" target=\"_self\" data-type=\"url\">\n  Workshops\n\n<\/a><a class=\"bde-text-link-119-154 bde-text-link breakdance-link\" href=\"http:\/\/silkesteinhauser.de\/en\/#coaching\" target=\"_self\" data-type=\"url\">\n  Coaching\n\n<\/a><a class=\"bde-text-link-119-153 bde-text-link breakdance-link\" href=\"http:\/\/silkesteinhauser.de\/en\/#hr\" target=\"_self\" data-type=\"url\">\n  Consulting\n\n<\/a><a class=\"bde-text-link-119-155 bde-text-link breakdance-link\" href=\"http:\/\/silkesteinhauser.de\/en\/#profil\" target=\"_self\" data-type=\"url\">\n  Profile\n\n<\/a><a class=\"bde-text-link-119-156 bde-text-link breakdance-link\" href=\"http:\/\/silkesteinhauser.de\/en\/q\/#prozess\" target=\"_self\" data-type=\"url\">\n  Process\n\n<\/a><a class=\"bde-text-link-119-157 bde-text-link breakdance-link\" href=\"mailto:info@silkesteinhauser.de\" target=\"_self\" data-type=\"url\">\n  Contact us\n\n<\/a>\n<\/div><div class=\"bde-column-119-158 bde-column\">\n  \n  \n\t\n\n\n\n<div class=\"bde-image-119-159 bde-image\">\n<figure class=\"breakdance-image breakdance-image--104\">\n\t<div class=\"breakdance-image-container\">\n\t\t<div class=\"breakdance-image-clip\"><a class=\"breakdance-image-link breakdance-image-link--url\" href=\"http:\/\/silkesteinhauser.de\/en\/\" target=\"_self\" rel=\"noopener\" data-sub-html=\"\" data-lg-size=\"-\"><img loading=\"lazy\" decoding=\"async\" class=\"breakdance-image-object\" src=\"https:\/\/silkesteinhauser.de\/wp-content\/uploads\/2022\/12\/sil_logo_dark.svg\" width=\"479\" height=\"33\" sizes=\"auto, (max-width: 479px) 100vw, 479px\"><\/a><\/div>\n\t<\/div><\/figure>\n\n<\/div>\n<\/div><div class=\"bde-column-119-160 bde-column\">\n  \n  \n\t\n\n\n\n\n<\/div><\/div><\/div>\n<\/section><section class=\"bde-section-119-100 bde-section\">\n  \n  \n\t\n\n\n\n<div class=\"section-container\"><h1 class=\"bde-heading-119-101 bde-heading\">\nImprint\n<\/h1><div class=\"bde-text-119-102 bde-text\">\nSilke Steinhauser<br>Kornhofen 4<br>87730 Bad Gr\u00f6nenbach<br><br>Tel: +49 173 6606994\n<\/div><a class=\"bde-text-link-119-148 bde-text-link breakdance-link\" href=\"mailto:info@silkesteinhauser.de\" target=\"_self\" data-type=\"url\">\n  info@silkesteinhauser.de\n\n<\/a><div class=\"bde-text-119-147 bde-text\">\nTax number:<br>112\/262\/30736<br><br>Responsible for the content<br>in accordance with \u00a7 55 para. 2 RStV:<br>Silke Steinhauser\n<\/div><h3 class=\"bde-heading-119-103 bde-heading\">\nDisclaimer\n<\/h3><div class=\"bde-text-119-104 bde-text\">\nThe author assumes no liability for the topicality, correctness and completeness of the information provided on our website. Liability claims against the author relating to material or immaterial damage caused by the use or non-use of the information provided or by the use of incorrect or incomplete information are fundamentally excluded, unless there is evidence of wilful intent or gross negligence on the part of the author. All offers are subject to change and non-binding. The author expressly reserves the right to change, supplement or delete parts of the pages or the entire offer without prior notice or to cease publication temporarily or permanently.\n<\/div><h3 class=\"bde-heading-119-117 bde-heading\">\nCopyright\n<\/h3><div class=\"bde-text-119-118 bde-text\">\nDie Inhalte dieser Webseite (Texte, Textteile, Grafiken, Bildmaterial, Videos, Animationen, Musik) sowie deren Anordnung im Rahmen der Webseitengestaltung sind nach Ma\u00dfgabe der gesetzlichen Bestimmungen urheberrechtlich gesch\u00fctzt. Sie d\u00fcrfen ohne Erlaubnis von Silke Steinhauser nicht kopiert, verbreitet, \u00f6ffentlich zug\u00e4nglich gemacht, sonst wie \u00f6ffentlich wiedergegeben oder ver\u00e4ndert werden. Soweit die Rechte an den urheberrechtlich gesch\u00fctzten Bestandteilen dieser Webseite Dritten zustehen, nutzt Silke Steinhauser diese Werke aufgrund der Zustimmung des jeweiligen Rechtsinhabers.\n<\/div><h3 class=\"bde-heading-119-119 bde-heading\">\nReferences and links\n<\/h3><div class=\"bde-text-119-120 bde-text\">\nIn the case of direct or indirect references to external websites (\"hyperlinks\") that lie outside the author's area of responsibility, a liability obligation would only come into force in the event that the author is aware of the content and it would be technically possible and reasonable for him to prevent use in the event of illegal content. The author hereby expressly declares that no illegal content was recognizable on the linked pages at the time the links were created. The author has no influence whatsoever on the current and future design, content or authorship of the linked pages. The author therefore expressly distances himself from all contents of all linked pages that were changed after the link was created. This statement applies to all links and references set within the author's own website as well as to third-party entries in guest books, discussion forums, link directories, mailing lists and all other forms of databases set up by the author to whose content external write access is possible. Liability for illegal, incorrect or incomplete content and in particular for damages resulting from the use or non-use of such information lies solely with the provider of the page to which reference is made, and not with the person who merely refers to the respective publication via links.\n<\/div><h3 class=\"bde-heading-119-121 bde-heading\">\nLegal validity of this disclaimer\n<\/h3><div class=\"bde-text-119-122 bde-text\">\nThis disclaimer is to be regarded as part of the internet publication which you were referred from. If sections or individual terms of this statement are not legal or correct, the content or validity of the other parts remain uninfluenced by this fact.\n<\/div><h3 class=\"bde-heading-119-123 bde-heading\">\nDesign &amp; realization\n<\/h3><div class=\"bde-text-119-124 bde-text\">\nElevate GmbH, Munich\n<\/div><a class=\"bde-text-link-119-146 bde-text-link breakdance-link\" href=\"https:\/\/elevatepartners.de\" target=\"_self\" data-type=\"url\">\n  elevatepartners.com\n\n<\/a><h3 class=\"bde-heading-119-144 bde-heading\">\nPicture credits\n<\/h3><a class=\"bde-text-link-119-165 bde-text-link breakdance-link\" href=\"https:\/\/magdalenajooss.com\/\" target=\"_self\" data-type=\"url\">\n  Magdalena Joo\u00df\n\n<\/a><\/div>\n<\/section><section class=\"bde-section-119-135 bde-section\">\n  \n  \n\t\n\n\n\n<div class=\"section-container\"><div class=\"bde-columns-119-136 bde-columns\"><div class=\"bde-column-119-137 bde-column\">\n  \n  \n\t\n\n\n\n<a class=\"bde-text-link-119-138 bde-text-link breakdance-link\" href=\"\/en\/?page_id=278\" target=\"_self\" data-type=\"url\">\n  Data protection\n\n<\/a><a class=\"bde-text-link-119-139 bde-text-link breakdance-link\" href=\"\/en\/?page_id=119\" target=\"_self\" data-type=\"url\">\n  Imprint\n\n<\/a>\n<\/div><div class=\"bde-column-119-140 bde-column\">\n  \n  \n\t\n\n\n\n<a class=\"bde-text-link-119-141 bde-text-link breakdance-link\" href=\"http:\/\/silkesteinhauser.de\/en\/#workshops\" target=\"_self\" data-type=\"url\">\n  Workshops\n\n<\/a><a class=\"bde-text-link-119-143 bde-text-link breakdance-link\" href=\"http:\/\/silkesteinhauser.de\/en\/#coaching\" target=\"_self\" data-type=\"url\">\n  Coaching\n\n<\/a><a class=\"bde-text-link-119-142 bde-text-link breakdance-link\" href=\"http:\/\/silkesteinhauser.de\/en\/#hr\" target=\"_self\" data-type=\"url\">\n  Consulting\n\n<\/a>\n<\/div><\/div><\/div>\n<\/section>","protected":false},"excerpt":{"rendered":"<p>Workshops Coaching Consulting Profil Prozess Kontakt Workshops Coaching Consulting Profil Prozess Kontakt Impressum Silke SteinhauserKornhofen 487730 Bad Gr\u00f6nenbachTel: +49 173 6606994 info@silkesteinhauser.de Steuernummer:112\/262\/30736Verantwortlich f\u00fcr den Inhaltnach \u00a7 55 Abs. 2 RStV:Silke Steinhauser Haftungshinweis Der Autor \u00fcbernimmt keinerlei Gew\u00e4hr f\u00fcr die Aktualit\u00e4t, Richtigkeit und Vollst\u00e4ndigkeit der bereitgestellten Informationen auf unserer Website. Haftungsanspr\u00fcche gegen den Autor, welche [&hellip;]<\/p>","protected":false},"author":2,"featured_media":0,"parent":0,"menu_order":0,"comment_status":"closed","ping_status":"closed","template":"","meta":{"_breakdance_hide_in_design_set":false,"_breakdance_tags":"","footnotes":""},"class_list":["post-119","page","type-page","status-publish","hentry"],"_links":{"self":[{"href":"https:\/\/silkesteinhauser.de\/en\/wp-json\/wp\/v2\/pages\/119","targetHints":{"allow":["GET"]}}],"collection":[{"href":"https:\/\/silkesteinhauser.de\/en\/wp-json\/wp\/v2\/pages"}],"about":[{"href":"https:\/\/silkesteinhauser.de\/en\/wp-json\/wp\/v2\/types\/page"}],"author":[{"embeddable":true,"href":"https:\/\/silkesteinhauser.de\/en\/wp-json\/wp\/v2\/users\/2"}],"replies":[{"embeddable":true,"href":"https:\/\/silkesteinhauser.de\/en\/wp-json\/wp\/v2\/comments?post=119"}],"version-history":[{"count":15,"href":"https:\/\/silkesteinhauser.de\/en\/wp-json\/wp\/v2\/pages\/119\/revisions"}],"predecessor-version":[{"id":760,"href":"https:\/\/silkesteinhauser.de\/en\/wp-json\/wp\/v2\/pages\/119\/revisions\/760"}],"wp:attachment":[{"href":"https:\/\/silkesteinhauser.de\/en\/wp-json\/wp\/v2\/media?parent=119"}],"curies":[{"name":"wp","href":"https:\/\/api.w.org\/{rel}","templated":true}]}}